{"id":2,"date":"2014-04-14T14:25:25","date_gmt":"2014-04-14T14:25:25","guid":{"rendered":"https:\/\/www.gate-away.com\/blog\/?page_id=2"},"modified":"2023-09-04T09:52:24","modified_gmt":"2023-09-04T07:52:24","slug":"home","status":"publish","type":"page","link":"https:\/\/es.gate-away.com\/blog\/","title":{"rendered":"Home"},"content":{"rendered":"","protected":false},"excerpt":{"rendered":"","protected":false},"author":1,"featured_media":0,"parent":0,"menu_order":0,"comment_status":"closed","ping_status":"closed","template":"","meta":{"_acf_changed":false,"footnotes":""},"class_list":["post-2","page","type-page","status-publish","hentry"],"acf":[],"yoast_head":"<!-- This site is optimized with the Yoast SEO plugin v27.4 - https:\/\/yoast.com\/product\/yoast-seo-wordpress\/ -->\n<title>Gate-away.com blog - El blog de las propiedades italianas<\/title>\n<meta name=\"description\" content=\"Gu\u00edas de expertos, art\u00edculos y noticias sobre Italia y su mercado inmobiliario que le ayudar\u00e1n a que su proceso de compra de vivienda y traslado a Italia sea lo m\u00e1s sencillo posible.\" \/>\n<meta name=\"robots\" content=\"index, follow, max-snippet:-1, max-image-preview:large, max-video-preview:-1\" \/>\n<link rel=\"canonical\" href=\"https:\/\/es.gate-away.com\/blog\/\" \/>\n<meta property=\"og:locale\" content=\"es_ES\" \/>\n<meta property=\"og:type\" content=\"article\" \/>\n<meta property=\"og:title\" content=\"Gate-away.com blog - El blog de las propiedades italianas\" \/>\n<meta property=\"og:description\" content=\"Gu\u00edas de expertos, art\u00edculos y noticias sobre Italia y su mercado inmobiliario que le ayudar\u00e1n a que su proceso de compra de vivienda y traslado a Italia sea lo m\u00e1s sencillo posible.\" \/>\n<meta property=\"og:url\" content=\"https:\/\/es.gate-away.com\/blog\/\" \/>\n<meta property=\"og:site_name\" content=\"Gate-away.com blog\" \/>\n<meta property=\"article:publisher\" content=\"https:\/\/www.facebook.com\/GateAway\/\" \/>\n<meta property=\"article:modified_time\" content=\"2023-09-04T07:52:24+00:00\" \/>\n<script type=\"application\/ld+json\" class=\"yoast-schema-graph\">{\"@context\":\"https:\\\/\\\/schema.org\",\"@graph\":[{\"@type\":\"WebPage\",\"@id\":\"https:\\\/\\\/es.gate-away.com\\\/blog\\\/\",\"url\":\"https:\\\/\\\/es.gate-away.com\\\/blog\\\/\",\"name\":\"Gate-away.com blog - El blog de las propiedades italianas\",\"isPartOf\":{\"@id\":\"https:\\\/\\\/es.gate-away.com\\\/blog\\\/#website\"},\"datePublished\":\"2014-04-14T14:25:25+00:00\",\"dateModified\":\"2023-09-04T07:52:24+00:00\",\"description\":\"Gu\u00edas de expertos, art\u00edculos y noticias sobre Italia y su mercado inmobiliario que le ayudar\u00e1n a que su proceso de compra de vivienda y traslado a Italia sea lo m\u00e1s sencillo posible.\",\"breadcrumb\":{\"@id\":\"https:\\\/\\\/es.gate-away.com\\\/blog\\\/#breadcrumb\"},\"inLanguage\":\"es\",\"potentialAction\":[{\"@type\":\"ReadAction\",\"target\":[\"https:\\\/\\\/es.gate-away.com\\\/blog\\\/\"]}]},{\"@type\":\"BreadcrumbList\",\"@id\":\"https:\\\/\\\/es.gate-away.com\\\/blog\\\/#breadcrumb\",\"itemListElement\":[{\"@type\":\"ListItem\",\"position\":1,\"name\":\"P\u00e1gina inicial\",\"item\":\"https:\\\/\\\/es.gate-away.com\\\/blog\\\/\"},{\"@type\":\"ListItem\",\"position\":2,\"name\":\"Home\"}]},{\"@type\":\"WebSite\",\"@id\":\"https:\\\/\\\/es.gate-away.com\\\/blog\\\/#website\",\"url\":\"https:\\\/\\\/es.gate-away.com\\\/blog\\\/\",\"name\":\"Gate-away.com blog\",\"description\":\"El blog de las propiedades italianas\",\"potentialAction\":[{\"@type\":\"SearchAction\",\"target\":{\"@type\":\"EntryPoint\",\"urlTemplate\":\"https:\\\/\\\/es.gate-away.com\\\/blog\\\/?s={search_term_string}\"},\"query-input\":{\"@type\":\"PropertyValueSpecification\",\"valueRequired\":true,\"valueName\":\"search_term_string\"}}],\"inLanguage\":\"es\"}]}<\/script>\n<!-- \/ Yoast SEO plugin. -->","yoast_head_json":{"title":"Gate-away.com blog - El blog de las propiedades italianas","description":"Gu\u00edas de expertos, art\u00edculos y noticias sobre Italia y su mercado inmobiliario que le ayudar\u00e1n a que su proceso de compra de vivienda y traslado a Italia sea lo m\u00e1s sencillo posible.","robots":{"index":"index","follow":"follow","max-snippet":"max-snippet:-1","max-image-preview":"max-image-preview:large","max-video-preview":"max-video-preview:-1"},"canonical":"https:\/\/es.gate-away.com\/blog\/","og_locale":"es_ES","og_type":"article","og_title":"Gate-away.com blog - El blog de las propiedades italianas","og_description":"Gu\u00edas de expertos, art\u00edculos y noticias sobre Italia y su mercado inmobiliario que le ayudar\u00e1n a que su proceso de compra de vivienda y traslado a Italia sea lo m\u00e1s sencillo posible.","og_url":"https:\/\/es.gate-away.com\/blog\/","og_site_name":"Gate-away.com blog","article_publisher":"https:\/\/www.facebook.com\/GateAway\/","article_modified_time":"2023-09-04T07:52:24+00:00","schema":{"@context":"https:\/\/schema.org","@graph":[{"@type":"WebPage","@id":"https:\/\/es.gate-away.com\/blog\/","url":"https:\/\/es.gate-away.com\/blog\/","name":"Gate-away.com blog - El blog de las propiedades italianas","isPartOf":{"@id":"https:\/\/es.gate-away.com\/blog\/#website"},"datePublished":"2014-04-14T14:25:25+00:00","dateModified":"2023-09-04T07:52:24+00:00","description":"Gu\u00edas de expertos, art\u00edculos y noticias sobre Italia y su mercado inmobiliario que le ayudar\u00e1n a que su proceso de compra de vivienda y traslado a Italia sea lo m\u00e1s sencillo posible.","breadcrumb":{"@id":"https:\/\/es.gate-away.com\/blog\/#breadcrumb"},"inLanguage":"es","potentialAction":[{"@type":"ReadAction","target":["https:\/\/es.gate-away.com\/blog\/"]}]},{"@type":"BreadcrumbList","@id":"https:\/\/es.gate-away.com\/blog\/#breadcrumb","itemListElement":[{"@type":"ListItem","position":1,"name":"P\u00e1gina inicial","item":"https:\/\/es.gate-away.com\/blog\/"},{"@type":"ListItem","position":2,"name":"Home"}]},{"@type":"WebSite","@id":"https:\/\/es.gate-away.com\/blog\/#website","url":"https:\/\/es.gate-away.com\/blog\/","name":"Gate-away.com blog","description":"El blog de las propiedades italianas","potentialAction":[{"@type":"SearchAction","target":{"@type":"EntryPoint","urlTemplate":"https:\/\/es.gate-away.com\/blog\/?s={search_term_string}"},"query-input":{"@type":"PropertyValueSpecification","valueRequired":true,"valueName":"search_term_string"}}],"inLanguage":"es"}]}},"_links":{"self":[{"href":"https:\/\/es.gate-away.com\/blog\/wp-json\/wp\/v2\/pages\/2","targetHints":{"allow":["GET"]}}],"collection":[{"href":"https:\/\/es.gate-away.com\/blog\/wp-json\/wp\/v2\/pages"}],"about":[{"href":"https:\/\/es.gate-away.com\/blog\/wp-json\/wp\/v2\/types\/page"}],"author":[{"embeddable":true,"href":"https:\/\/es.gate-away.com\/blog\/wp-json\/wp\/v2\/users\/1"}],"replies":[{"embeddable":true,"href":"https:\/\/es.gate-away.com\/blog\/wp-json\/wp\/v2\/comments?post=2"}],"version-history":[{"count":18,"href":"https:\/\/es.gate-away.com\/blog\/wp-json\/wp\/v2\/pages\/2\/revisions"}],"predecessor-version":[{"id":1129,"href":"https:\/\/es.gate-away.com\/blog\/wp-json\/wp\/v2\/pages\/2\/revisions\/1129"}],"wp:attachment":[{"href":"https:\/\/es.gate-away.com\/blog\/wp-json\/wp\/v2\/media?parent=2"}],"curies":[{"name":"wp","href":"https:\/\/api.w.org\/{rel}","templated":true}]}}