{"id":607,"date":"2021-02-22T16:03:58","date_gmt":"2021-02-22T15:03:58","guid":{"rendered":"https:\/\/es.gate-away.com\/blog\/?page_id=607"},"modified":"2021-03-31T19:59:52","modified_gmt":"2021-03-31T17:59:52","slug":"guia-de-compra","status":"publish","type":"page","link":"https:\/\/es.gate-away.com\/blog\/guia-de-compra\/","title":{"rendered":"Gu\u00eda de compra"},"content":{"rendered":"\n<h2 class=\"wp-block-heading\">Gu\u00eda para comprar una propiedad en Italia<\/h2>\n\n\n\n<p>Benvenuti a casa in Italia, o bienvenido a casa en Italia. Gate-away.com se complace en ofrecer esta completa gu\u00eda de compra de propiedades en Italia a una creciente clientela internacional que busca una propiedad aqu\u00ed. En esta gu\u00eda online, los extranjeros encontrar\u00e1n consejos s\u00f3lidos sobre el proceso de compra de bienes inmuebles en Italia, incluyendo consejos s\u00f3lidos relacionados con los impuestos, las tasas, las comisiones y otros costes. Adem\u00e1s de ofrecer una magn\u00edfica informaci\u00f3n sobre c\u00f3mo hacerlo, esta gu\u00eda tambi\u00e9n mantendr\u00e1 a nuestros inversores no italianos informados de los escollos burocr\u00e1ticos y otros dilemas de la compra de viviendas que podr\u00edan poner en aprietos al comprador no preparado. Utilice la gu\u00eda para facilitar su entrada en el pa\u00eds de la dolce vita, la buena vida italiana.<\/p>\n","protected":false},"excerpt":{"rendered":"<p>Gu\u00eda para comprar una propiedad en Italia Benvenuti a casa in Italia, o bienvenido a casa &hellip; <a class=\"card__read-more\" href=\"https:\/\/es.gate-away.com\/blog\/guia-de-compra\/\">Leer m\u00e1s <span class=\"icon\"><br \/>\n    <svg aria-hidden=\"true\" focusable=\"false\">\n        <use xlink:href=\"https:\/\/es.gate-away.com\/blog\/wp-content\/themes\/gateaway\/dist\/icons\/icons.svg#assets--src--icons--arrow-right\"><\/use>\n    <\/svg><br \/>\n<\/span><br \/>\n<\/a><\/p>\n","protected":false},"author":1,"featured_media":0,"parent":0,"menu_order":0,"comment_status":"closed","ping_status":"closed","template":"page-templates\/buying-guide.php","meta":{"_acf_changed":false,"footnotes":""},"class_list":["post-607","page","type-page","status-publish","hentry"],"acf":[],"yoast_head":"<!-- This site is optimized with the Yoast SEO plugin v27.4 - https:\/\/yoast.com\/product\/yoast-seo-wordpress\/ -->\n<title>Gu\u00eda de compra - Gate-away.com blog<\/title>\n<meta name=\"description\" content=\"Una gu\u00eda completa para comprar una propiedad en Italia. El proceso de compra de inmuebles en Italia, con consejos \u00fatiles sobre impuestos, tasas, comisiones y otros costos.\" \/>\n<meta name=\"robots\" content=\"index, follow, max-snippet:-1, max-image-preview:large, max-video-preview:-1\" \/>\n<link rel=\"canonical\" href=\"https:\/\/es.gate-away.com\/blog\/guia-de-compra\/\" \/>\n<meta property=\"og:locale\" content=\"es_ES\" \/>\n<meta property=\"og:type\" content=\"article\" \/>\n<meta property=\"og:title\" content=\"Gu\u00eda de compra - Gate-away.com blog\" \/>\n<meta property=\"og:description\" content=\"Una gu\u00eda completa para comprar una propiedad en Italia. El proceso de compra de inmuebles en Italia, con consejos \u00fatiles sobre impuestos, tasas, comisiones y otros costos.\" \/>\n<meta property=\"og:url\" content=\"https:\/\/es.gate-away.com\/blog\/guia-de-compra\/\" \/>\n<meta property=\"og:site_name\" content=\"Gate-away.com blog\" \/>\n<meta property=\"article:publisher\" content=\"https:\/\/www.facebook.com\/GateAway\/\" \/>\n<meta property=\"article:modified_time\" content=\"2021-03-31T17:59:52+00:00\" \/>\n<meta name=\"twitter:label1\" content=\"Tiempo de lectura\" \/>\n\t<meta name=\"twitter:data1\" content=\"1 minuto\" \/>\n<script type=\"application\/ld+json\" class=\"yoast-schema-graph\">{\"@context\":\"https:\\\/\\\/schema.org\",\"@graph\":[{\"@type\":\"WebPage\",\"@id\":\"https:\\\/\\\/es.gate-away.com\\\/blog\\\/guia-de-compra\\\/\",\"url\":\"https:\\\/\\\/es.gate-away.com\\\/blog\\\/guia-de-compra\\\/\",\"name\":\"Gu\u00eda de compra - Gate-away.com blog\",\"isPartOf\":{\"@id\":\"https:\\\/\\\/es.gate-away.com\\\/blog\\\/#website\"},\"datePublished\":\"2021-02-22T15:03:58+00:00\",\"dateModified\":\"2021-03-31T17:59:52+00:00\",\"description\":\"Una gu\u00eda completa para comprar una propiedad en Italia. El proceso de compra de inmuebles en Italia, con consejos \u00fatiles sobre impuestos, tasas, comisiones y otros costos.\",\"breadcrumb\":{\"@id\":\"https:\\\/\\\/es.gate-away.com\\\/blog\\\/guia-de-compra\\\/#breadcrumb\"},\"inLanguage\":\"es\",\"potentialAction\":[{\"@type\":\"ReadAction\",\"target\":[\"https:\\\/\\\/es.gate-away.com\\\/blog\\\/guia-de-compra\\\/\"]}]},{\"@type\":\"BreadcrumbList\",\"@id\":\"https:\\\/\\\/es.gate-away.com\\\/blog\\\/guia-de-compra\\\/#breadcrumb\",\"itemListElement\":[{\"@type\":\"ListItem\",\"position\":1,\"name\":\"P\u00e1gina inicial\",\"item\":\"https:\\\/\\\/es.gate-away.com\\\/blog\\\/\"},{\"@type\":\"ListItem\",\"position\":2,\"name\":\"Gu\u00eda de compra\"}]},{\"@type\":\"WebSite\",\"@id\":\"https:\\\/\\\/es.gate-away.com\\\/blog\\\/#website\",\"url\":\"https:\\\/\\\/es.gate-away.com\\\/blog\\\/\",\"name\":\"Gate-away.com blog\",\"description\":\"El blog de las propiedades italianas\",\"potentialAction\":[{\"@type\":\"SearchAction\",\"target\":{\"@type\":\"EntryPoint\",\"urlTemplate\":\"https:\\\/\\\/es.gate-away.com\\\/blog\\\/?s={search_term_string}\"},\"query-input\":{\"@type\":\"PropertyValueSpecification\",\"valueRequired\":true,\"valueName\":\"search_term_string\"}}],\"inLanguage\":\"es\"}]}<\/script>\n<!-- \/ Yoast SEO plugin. -->","yoast_head_json":{"title":"Gu\u00eda de compra - Gate-away.com blog","description":"Una gu\u00eda completa para comprar una propiedad en Italia. El proceso de compra de inmuebles en Italia, con consejos \u00fatiles sobre impuestos, tasas, comisiones y otros costos.","robots":{"index":"index","follow":"follow","max-snippet":"max-snippet:-1","max-image-preview":"max-image-preview:large","max-video-preview":"max-video-preview:-1"},"canonical":"https:\/\/es.gate-away.com\/blog\/guia-de-compra\/","og_locale":"es_ES","og_type":"article","og_title":"Gu\u00eda de compra - Gate-away.com blog","og_description":"Una gu\u00eda completa para comprar una propiedad en Italia. El proceso de compra de inmuebles en Italia, con consejos \u00fatiles sobre impuestos, tasas, comisiones y otros costos.","og_url":"https:\/\/es.gate-away.com\/blog\/guia-de-compra\/","og_site_name":"Gate-away.com blog","article_publisher":"https:\/\/www.facebook.com\/GateAway\/","article_modified_time":"2021-03-31T17:59:52+00:00","twitter_misc":{"Tiempo de lectura":"1 minuto"},"schema":{"@context":"https:\/\/schema.org","@graph":[{"@type":"WebPage","@id":"https:\/\/es.gate-away.com\/blog\/guia-de-compra\/","url":"https:\/\/es.gate-away.com\/blog\/guia-de-compra\/","name":"Gu\u00eda de compra - Gate-away.com blog","isPartOf":{"@id":"https:\/\/es.gate-away.com\/blog\/#website"},"datePublished":"2021-02-22T15:03:58+00:00","dateModified":"2021-03-31T17:59:52+00:00","description":"Una gu\u00eda completa para comprar una propiedad en Italia. El proceso de compra de inmuebles en Italia, con consejos \u00fatiles sobre impuestos, tasas, comisiones y otros costos.","breadcrumb":{"@id":"https:\/\/es.gate-away.com\/blog\/guia-de-compra\/#breadcrumb"},"inLanguage":"es","potentialAction":[{"@type":"ReadAction","target":["https:\/\/es.gate-away.com\/blog\/guia-de-compra\/"]}]},{"@type":"BreadcrumbList","@id":"https:\/\/es.gate-away.com\/blog\/guia-de-compra\/#breadcrumb","itemListElement":[{"@type":"ListItem","position":1,"name":"P\u00e1gina inicial","item":"https:\/\/es.gate-away.com\/blog\/"},{"@type":"ListItem","position":2,"name":"Gu\u00eda de compra"}]},{"@type":"WebSite","@id":"https:\/\/es.gate-away.com\/blog\/#website","url":"https:\/\/es.gate-away.com\/blog\/","name":"Gate-away.com blog","description":"El blog de las propiedades italianas","potentialAction":[{"@type":"SearchAction","target":{"@type":"EntryPoint","urlTemplate":"https:\/\/es.gate-away.com\/blog\/?s={search_term_string}"},"query-input":{"@type":"PropertyValueSpecification","valueRequired":true,"valueName":"search_term_string"}}],"inLanguage":"es"}]}},"_links":{"self":[{"href":"https:\/\/es.gate-away.com\/blog\/wp-json\/wp\/v2\/pages\/607","targetHints":{"allow":["GET"]}}],"collection":[{"href":"https:\/\/es.gate-away.com\/blog\/wp-json\/wp\/v2\/pages"}],"about":[{"href":"https:\/\/es.gate-away.com\/blog\/wp-json\/wp\/v2\/types\/page"}],"author":[{"embeddable":true,"href":"https:\/\/es.gate-away.com\/blog\/wp-json\/wp\/v2\/users\/1"}],"replies":[{"embeddable":true,"href":"https:\/\/es.gate-away.com\/blog\/wp-json\/wp\/v2\/comments?post=607"}],"version-history":[{"count":0,"href":"https:\/\/es.gate-away.com\/blog\/wp-json\/wp\/v2\/pages\/607\/revisions"}],"wp:attachment":[{"href":"https:\/\/es.gate-away.com\/blog\/wp-json\/wp\/v2\/media?parent=607"}],"curies":[{"name":"wp","href":"https:\/\/api.w.org\/{rel}","templated":true}]}}